{"id":493,"date":"2023-05-15T19:17:40","date_gmt":"2023-05-15T18:17:40","guid":{"rendered":"https:\/\/saramartinslab.com\/?page_id=493"},"modified":"2023-07-22T22:17:45","modified_gmt":"2023-07-22T21:17:45","slug":"quienes-somos","status":"publish","type":"page","link":"https:\/\/saramartinslab.com\/es\/quienes-somos\/","title":{"rendered":"Qui\u00e9nes Somos"},"content":{"rendered":"\t\t<div data-elementor-type=\"wp-page\" data-elementor-id=\"493\" class=\"elementor elementor-493\">\n\t\t\t\t\t\t<section class=\"elementor-section elementor-top-section elementor-element elementor-element-2bbed4d elementor-section-boxed elementor-section-height-default elementor-section-height-default\" data-id=\"2bbed4d\" data-element_type=\"section\" data-e-type=\"section\" data-settings=\"{&quot;background_background&quot;:&quot;classic&quot;}\">\n\t\t\t\t\t\t<div class=\"elementor-container elementor-column-gap-default\">\n\t\t\t\t\t<div class=\"elementor-column elementor-col-100 elementor-top-column elementor-element elementor-element-732269e\" data-id=\"732269e\" data-element_type=\"column\" data-e-type=\"column\">\n\t\t\t<div class=\"elementor-widget-wrap elementor-element-populated\">\n\t\t\t\t\t\t<div class=\"elementor-element elementor-element-64d843f elementor-widget elementor-widget-heading\" data-id=\"64d843f\" data-element_type=\"widget\" data-e-type=\"widget\" data-widget_type=\"heading.default\">\n\t\t\t\t<div class=\"elementor-widget-container\">\n\t\t\t\t\t<h2 class=\"elementor-heading-title elementor-size-default\">misi\u00f3n<\/h2>\t\t\t\t<\/div>\n\t\t\t\t<\/div>\n\t\t\t\t<div class=\"elementor-element elementor-element-ac51176 elementor-widget elementor-widget-text-editor\" data-id=\"ac51176\" data-element_type=\"widget\" data-e-type=\"widget\" data-widget_type=\"text-editor.default\">\n\t\t\t\t<div class=\"elementor-widget-container\">\n\t\t\t\t\t\t\t\t\t<p>SaraMartinsLab\u00a0tiene como misi\u00f3n la elaboraci\u00f3n de Pr\u00f3tesis Fijas, Pr\u00f3tesis Fijas sobre Implantes y Pr\u00f3tesis Totales, coordinando est\u00e9tica, funci\u00f3n y personalizaci\u00f3n, trabajando con placer y emoci\u00f3n, deseando obtener la satisfacci\u00f3n de nuestros clientes.<\/p>\t\t\t\t\t\t\t\t<\/div>\n\t\t\t\t<\/div>\n\t\t\t\t\t<\/div>\n\t\t<\/div>\n\t\t\t\t\t<\/div>\n\t\t<\/section>\n\t\t\t\t<section class=\"elementor-section elementor-top-section elementor-element elementor-element-ca2be15 elementor-section-boxed elementor-section-height-default elementor-section-height-default\" data-id=\"ca2be15\" data-element_type=\"section\" data-e-type=\"section\" data-settings=\"{&quot;background_background&quot;:&quot;classic&quot;}\">\n\t\t\t\t\t\t<div class=\"elementor-container elementor-column-gap-default\">\n\t\t\t\t\t<div class=\"elementor-column elementor-col-100 elementor-top-column elementor-element elementor-element-5b1b189\" data-id=\"5b1b189\" data-element_type=\"column\" data-e-type=\"column\">\n\t\t\t<div class=\"elementor-widget-wrap elementor-element-populated\">\n\t\t\t\t\t\t<div class=\"elementor-element elementor-element-899e539 elementor-widget elementor-widget-heading\" data-id=\"899e539\" data-element_type=\"widget\" data-e-type=\"widget\" data-widget_type=\"heading.default\">\n\t\t\t\t<div class=\"elementor-widget-container\">\n\t\t\t\t\t<h2 class=\"elementor-heading-title elementor-size-default\">visi\u00f3n<\/h2>\t\t\t\t<\/div>\n\t\t\t\t<\/div>\n\t\t\t\t<div class=\"elementor-element elementor-element-5a5c6d1 elementor-widget elementor-widget-text-editor\" data-id=\"5a5c6d1\" data-element_type=\"widget\" data-e-type=\"widget\" data-widget_type=\"text-editor.default\">\n\t\t\t\t<div class=\"elementor-widget-container\">\n\t\t\t\t\t\t\t\t\t<p>Trabajar en equipo y mantener la comunicaci\u00f3n fluida con nuestros clientes, para obtener rehabilitaciones de alta calidad. As\u00ed como la apuesta continua en la evoluci\u00f3n t\u00e9cnica y tecnol\u00f3gica, garantizando diversidad en las soluciones de trabajo.<\/p>\t\t\t\t\t\t\t\t<\/div>\n\t\t\t\t<\/div>\n\t\t\t\t\t<\/div>\n\t\t<\/div>\n\t\t\t\t\t<\/div>\n\t\t<\/section>\n\t\t\t\t<section class=\"elementor-section elementor-top-section elementor-element elementor-element-4a43471 elementor-section-boxed elementor-section-height-default elementor-section-height-default\" data-id=\"4a43471\" data-element_type=\"section\" data-e-type=\"section\" data-settings=\"{&quot;background_background&quot;:&quot;classic&quot;}\">\n\t\t\t\t\t\t<div class=\"elementor-container elementor-column-gap-default\">\n\t\t\t\t\t<div class=\"elementor-column elementor-col-100 elementor-top-column elementor-element elementor-element-9258dda\" data-id=\"9258dda\" data-element_type=\"column\" data-e-type=\"column\">\n\t\t\t<div class=\"elementor-widget-wrap elementor-element-populated\">\n\t\t\t\t\t\t<div class=\"elementor-element elementor-element-bb93e4b elementor-widget elementor-widget-heading\" data-id=\"bb93e4b\" data-element_type=\"widget\" data-e-type=\"widget\" data-widget_type=\"heading.default\">\n\t\t\t\t<div class=\"elementor-widget-container\">\n\t\t\t\t\t<h2 class=\"elementor-heading-title elementor-size-default\">VALORES<\/h2>\t\t\t\t<\/div>\n\t\t\t\t<\/div>\n\t\t\t\t<div class=\"elementor-element elementor-element-75689f8 elementor-widget elementor-widget-text-editor\" data-id=\"75689f8\" data-element_type=\"widget\" data-e-type=\"widget\" data-widget_type=\"text-editor.default\">\n\t\t\t\t<div class=\"elementor-widget-container\">\n\t\t\t\t\t\t\t\t\t<p>Trabajo en equipo :: Conocimiento :: Calidad :: Confianza :: Motivaci\u00f3n :: Pasi\u00f3n :: Dedicaci\u00f3n :: \u00c9tica y Respeto<\/p>\t\t\t\t\t\t\t\t<\/div>\n\t\t\t\t<\/div>\n\t\t\t\t\t<\/div>\n\t\t<\/div>\n\t\t\t\t\t<\/div>\n\t\t<\/section>\n\t\t\t\t<section class=\"elementor-section elementor-top-section elementor-element elementor-element-aa7893e elementor-section-boxed elementor-section-height-default elementor-section-height-default\" data-id=\"aa7893e\" data-element_type=\"section\" data-e-type=\"section\" data-settings=\"{&quot;background_background&quot;:&quot;classic&quot;}\">\n\t\t\t\t\t\t<div class=\"elementor-container elementor-column-gap-default\">\n\t\t\t\t\t<div class=\"elementor-column elementor-col-100 elementor-top-column elementor-element elementor-element-9e31b00\" data-id=\"9e31b00\" data-element_type=\"column\" data-e-type=\"column\">\n\t\t\t<div class=\"elementor-widget-wrap elementor-element-populated\">\n\t\t\t\t\t\t<div class=\"elementor-element elementor-element-abdf825 elementor-widget elementor-widget-heading\" data-id=\"abdf825\" data-element_type=\"widget\" data-e-type=\"widget\" data-widget_type=\"heading.default\">\n\t\t\t\t<div class=\"elementor-widget-container\">\n\t\t\t\t\t<h2 class=\"elementor-heading-title elementor-size-default\">Pol\u00edtica de Calidad<\/h2>\t\t\t\t<\/div>\n\t\t\t\t<\/div>\n\t\t\t\t<div class=\"elementor-element elementor-element-9827f11 elementor-widget elementor-widget-text-editor\" data-id=\"9827f11\" data-element_type=\"widget\" data-e-type=\"widget\" data-widget_type=\"text-editor.default\">\n\t\t\t\t<div class=\"elementor-widget-container\">\n\t\t\t\t\t\t\t\t\t<p class=\"_04xlpA direction-ltr align-center para-style-body\"><span class=\"WdYUQQ text-decoration-none text-strikethrough-none\">En <strong>SaraMartinsLab<\/strong>, nos tomamos muy en serio la Gesti\u00f3n de la Calidad. Por eso estamos orgullosos de haber obtenido la certificaci\u00f3n ISO 9001 y actualmente estamos implementando la ISO 13485.<\/span><\/p><p class=\"_04xlpA direction-ltr align-center para-style-body\"><span class=\"WdYUQQ text-decoration-none text-strikethrough-none\">Estas certificaciones atestam <span style=\"text-decoration: underline;\">nuestro compromiso<\/span> de cumplir con los m\u00e1s <strong>altos est\u00e1ndares de calidad<\/strong> y seguridad en la producci\u00f3n de restauraciones dentales.<\/span><\/p><p class=\"_04xlpA direction-ltr align-center para-style-body\"><span class=\"WdYUQQ text-decoration-none text-strikethrough-none\">Nuestro equipo sigue <strong>estrictos protocolos y procedimientos<\/strong> para garantizar que cada rehabilitaci\u00f3n cumpla con las expectativas de nuestros clientes.<\/span><\/p>\t\t\t\t\t\t\t\t<\/div>\n\t\t\t\t<\/div>\n\t\t\t\t\t<\/div>\n\t\t<\/div>\n\t\t\t\t\t<\/div>\n\t\t<\/section>\n\t\t<div class=\"elementor-element elementor-element-b6ffc90 e-flex e-con-boxed e-con e-parent\" data-id=\"b6ffc90\" data-element_type=\"container\" data-e-type=\"container\" data-settings=\"{&quot;background_background&quot;:&quot;classic&quot;}\">\n\t\t\t\t\t<div class=\"e-con-inner\">\n\t\t<div class=\"elementor-element elementor-element-979aedf e-con-full e-flex e-con e-parent\" data-id=\"979aedf\" data-element_type=\"container\" data-e-type=\"container\">\n\t\t<div class=\"elementor-element elementor-element-1dc954a e-con-full e-flex e-con e-parent\" data-id=\"1dc954a\" data-element_type=\"container\" data-e-type=\"container\">\n\t\t\t\t<div class=\"elementor-element elementor-element-61dbc5d elementor-widget elementor-widget-image\" data-id=\"61dbc5d\" data-element_type=\"widget\" data-e-type=\"widget\" data-widget_type=\"image.default\">\n\t\t\t\t<div class=\"elementor-widget-container\">\n\t\t\t\t\t\t\t\t\t\t\t\t\t\t\t<img fetchpriority=\"high\" decoding=\"async\" width=\"1024\" height=\"1024\" src=\"https:\/\/saramartinslab.com\/wp-content\/uploads\/2023\/07\/3-4-1024x1024.png\" class=\"attachment-large size-large wp-image-462\" alt=\"\" srcset=\"https:\/\/saramartinslab.com\/wp-content\/uploads\/2023\/07\/3-4-1024x1024.png 1024w, https:\/\/saramartinslab.com\/wp-content\/uploads\/2023\/07\/3-4-300x300.png 300w, https:\/\/saramartinslab.com\/wp-content\/uploads\/2023\/07\/3-4-150x150.png 150w, https:\/\/saramartinslab.com\/wp-content\/uploads\/2023\/07\/3-4-768x768.png 768w, https:\/\/saramartinslab.com\/wp-content\/uploads\/2023\/07\/3-4.png 1080w\" sizes=\"(max-width: 1024px) 100vw, 1024px\" \/>\t\t\t\t\t\t\t\t\t\t\t\t\t\t\t<\/div>\n\t\t\t\t<\/div>\n\t\t\t\t<\/div>\n\t\t<div class=\"elementor-element elementor-element-cc6b236 e-con-full e-flex e-con e-parent\" data-id=\"cc6b236\" data-element_type=\"container\" data-e-type=\"container\">\n\t\t\t\t<div class=\"elementor-element elementor-element-f73636b elementor-widget elementor-widget-image\" data-id=\"f73636b\" data-element_type=\"widget\" data-e-type=\"widget\" data-widget_type=\"image.default\">\n\t\t\t\t<div class=\"elementor-widget-container\">\n\t\t\t\t\t\t\t\t\t\t\t\t\t\t\t<img decoding=\"async\" width=\"1024\" height=\"1024\" src=\"https:\/\/saramartinslab.com\/wp-content\/uploads\/2023\/07\/2-4-1024x1024.png\" class=\"attachment-large size-large wp-image-459\" alt=\"\" srcset=\"https:\/\/saramartinslab.com\/wp-content\/uploads\/2023\/07\/2-4-1024x1024.png 1024w, https:\/\/saramartinslab.com\/wp-content\/uploads\/2023\/07\/2-4-300x300.png 300w, https:\/\/saramartinslab.com\/wp-content\/uploads\/2023\/07\/2-4-150x150.png 150w, https:\/\/saramartinslab.com\/wp-content\/uploads\/2023\/07\/2-4-768x768.png 768w, https:\/\/saramartinslab.com\/wp-content\/uploads\/2023\/07\/2-4.png 1080w\" sizes=\"(max-width: 1024px) 100vw, 1024px\" \/>\t\t\t\t\t\t\t\t\t\t\t\t\t\t\t<\/div>\n\t\t\t\t<\/div>\n\t\t\t\t<\/div>\n\t\t<div class=\"elementor-element elementor-element-d06755d e-con-full e-flex e-con e-parent\" data-id=\"d06755d\" data-element_type=\"container\" data-e-type=\"container\">\n\t\t\t\t<div class=\"elementor-element elementor-element-426e7ec elementor-widget elementor-widget-image\" data-id=\"426e7ec\" data-element_type=\"widget\" data-e-type=\"widget\" data-widget_type=\"image.default\">\n\t\t\t\t<div class=\"elementor-widget-container\">\n\t\t\t\t\t\t\t\t\t\t\t\t\t\t\t<img decoding=\"async\" width=\"1024\" height=\"1024\" src=\"https:\/\/saramartinslab.com\/wp-content\/uploads\/2023\/07\/1-4-1024x1024.png\" class=\"attachment-large size-large wp-image-456\" alt=\"\" srcset=\"https:\/\/saramartinslab.com\/wp-content\/uploads\/2023\/07\/1-4-1024x1024.png 1024w, https:\/\/saramartinslab.com\/wp-content\/uploads\/2023\/07\/1-4-300x300.png 300w, https:\/\/saramartinslab.com\/wp-content\/uploads\/2023\/07\/1-4-150x150.png 150w, https:\/\/saramartinslab.com\/wp-content\/uploads\/2023\/07\/1-4-768x768.png 768w, https:\/\/saramartinslab.com\/wp-content\/uploads\/2023\/07\/1-4.png 1080w\" sizes=\"(max-width: 1024px) 100vw, 1024px\" \/>\t\t\t\t\t\t\t\t\t\t\t\t\t\t\t<\/div>\n\t\t\t\t<\/div>\n\t\t\t\t<\/div>\n\t\t\t\t<\/div>\n\t\t\t\t\t<\/div>\n\t\t\t\t<\/div>\n\t\t\t\t<\/div>\n\t\t","protected":false},"excerpt":{"rendered":"<p>misi\u00f3n SaraMartinsLab\u00a0tiene como misi\u00f3n la elaboraci\u00f3n de Pr\u00f3tesis Fijas, Pr\u00f3tesis Fijas sobre Implantes y Pr\u00f3tesis Totales, coordinando est\u00e9tica, funci\u00f3n y personalizaci\u00f3n, trabajando con placer y emoci\u00f3n, deseando obtener la satisfacci\u00f3n de nuestros clientes. visi\u00f3n Trabajar en equipo y mantener la comunicaci\u00f3n fluida con nuestros clientes, para obtener rehabilitaciones de alta calidad. As\u00ed como la apuesta [&hellip;]<\/p>\n","protected":false},"author":2,"featured_media":0,"parent":0,"menu_order":0,"comment_status":"closed","ping_status":"closed","template":"","meta":{"nf_dc_page":"","site-sidebar-layout":"no-sidebar","site-content-layout":"page-builder","ast-site-content-layout":"default","site-content-style":"default","site-sidebar-style":"default","ast-global-header-display":"","ast-banner-title-visibility":"","ast-main-header-display":"","ast-hfb-above-header-display":"","ast-hfb-below-header-display":"","ast-hfb-mobile-header-display":"","site-post-title":"disabled","ast-breadcrumbs-content":"","ast-featured-img":"disabled","footer-sml-layout":"","ast-disable-related-posts":"","theme-transparent-header-meta":"","adv-header-id-meta":"","stick-header-meta":"","header-above-stick-meta":"","header-main-stick-meta":"","header-below-stick-meta":"","astra-migrate-meta-layouts":"default","ast-page-background-enabled":"default","ast-page-background-meta":{"desktop":{"background-color":"var(--ast-global-color-4)","background-image":"","background-repeat":"repeat","background-position":"center center","background-size":"auto","background-attachment":"scroll","background-type":"","background-media":"","overlay-type":"","overlay-color":"","overlay-opacity":"","overlay-gradient":""},"tablet":{"background-color":"","background-image":"","background-repeat":"repeat","background-position":"center center","background-size":"auto","background-attachment":"scroll","background-type":"","background-media":"","overlay-type":"","overlay-color":"","overlay-opacity":"","overlay-gradient":""},"mobile":{"background-color":"","background-image":"","background-repeat":"repeat","background-position":"center center","background-size":"auto","background-attachment":"scroll","background-type":"","background-media":"","overlay-type":"","overlay-color":"","overlay-opacity":"","overlay-gradient":""}},"ast-content-background-meta":{"desktop":{"background-color":"var(--ast-global-color-5)","background-image":"","background-repeat":"repeat","background-position":"center center","background-size":"auto","background-attachment":"scroll","background-type":"","background-media":"","overlay-type":"","overlay-color":"","overlay-opacity":"","overlay-gradient":""},"tablet":{"background-color":"var(--ast-global-color-5)","background-image":"","background-repeat":"repeat","background-position":"center center","background-size":"auto","background-attachment":"scroll","background-type":"","background-media":"","overlay-type":"","overlay-color":"","overlay-opacity":"","overlay-gradient":""},"mobile":{"background-color":"var(--ast-global-color-5)","background-image":"","background-repeat":"repeat","background-position":"center center","background-size":"auto","background-attachment":"scroll","background-type":"","background-media":"","overlay-type":"","overlay-color":"","overlay-opacity":"","overlay-gradient":""}},"footnotes":""},"class_list":["post-493","page","type-page","status-publish","hentry"],"aioseo_notices":[],"_links":{"self":[{"href":"https:\/\/saramartinslab.com\/es\/wp-json\/wp\/v2\/pages\/493","targetHints":{"allow":["GET"]}}],"collection":[{"href":"https:\/\/saramartinslab.com\/es\/wp-json\/wp\/v2\/pages"}],"about":[{"href":"https:\/\/saramartinslab.com\/es\/wp-json\/wp\/v2\/types\/page"}],"author":[{"embeddable":true,"href":"https:\/\/saramartinslab.com\/es\/wp-json\/wp\/v2\/users\/2"}],"replies":[{"embeddable":true,"href":"https:\/\/saramartinslab.com\/es\/wp-json\/wp\/v2\/comments?post=493"}],"version-history":[{"count":5,"href":"https:\/\/saramartinslab.com\/es\/wp-json\/wp\/v2\/pages\/493\/revisions"}],"predecessor-version":[{"id":839,"href":"https:\/\/saramartinslab.com\/es\/wp-json\/wp\/v2\/pages\/493\/revisions\/839"}],"wp:attachment":[{"href":"https:\/\/saramartinslab.com\/es\/wp-json\/wp\/v2\/media?parent=493"}],"curies":[{"name":"wp","href":"https:\/\/api.w.org\/{rel}","templated":true}]}}